{"id":2,"date":"2020-02-18T16:07:50","date_gmt":"2020-02-18T16:07:50","guid":{"rendered":"https:\/\/refoodlution.com\/?page_id=2"},"modified":"2020-02-18T16:07:50","modified_gmt":"2020-02-18T16:07:50","slug":"pagina-exemple","status":"publish","type":"page","link":"https:\/\/refoodlution.com\/ca\/pagina-exemple\/","title":{"rendered":"P\u00e0gina d&#039;exemple"},"content":{"rendered":"<p>Aquesta \u00e9s una p\u00e0gina d&#039;exemple. \u00c9s diferent a una entrada del bloc perqu\u00e8 romandr\u00e0 en un sol lloc i apareixer\u00e0 a la navegaci\u00f3 del teu lloc (en la majoria dels temes). La majoria de persones comencen amb una p\u00e0gina \u00abSobre\u00bb que presenta als visitants potencials del lloc. Podries dir una cosa aix\u00ed:<\/p>\n\n\n\n<blockquote class=\"wp-block-quote is-layout-flow wp-block-quote-is-layout-flow\"><p>Benvingut! S\u00f3c cambrer de dia, aspirant a actor de nit i aquesta \u00e9s la meva web. Visc a Mairena de l&#039;Alcor, tinc un gos que es diu Firulais i m&#039;agrada el rebujito. (I les tardes llargues amb caf\u00e8).<\/p><\/blockquote>\n\n\n\n<p>\u2026o una cosa aix\u00ed:<\/p>\n\n\n\n<blockquote class=\"wp-block-quote is-layout-flow wp-block-quote-is-layout-flow\"><p>L&#039;empresa \u00abMariscos Recio\u00bb va ser fundada per Antonio Recio Mata. Va comen\u00e7ar sent una petita empresa que subministrava marisc a hotels i restaurants, per\u00f2 de mica en mica s&#039;ha anat transformant en un gran imperi. Mariscos Recio, el mar al millor preu.<\/p><\/blockquote>\n\n\n\n<p>Com a nou usuari de WordPress, hauries d&#039;anar a <a href=\"https:\/\/refoodlution.com\/wp-admin\/\">el teu escriptori<\/a> per esborrar aquesta p\u00e0gina i crear noves p\u00e0gines per al vostre contingut. Passa-ho b\u00e9!<\/p>","protected":false},"excerpt":{"rendered":"<p>Aquesta \u00e9s una p\u00e0gina d'exemple. \u00c9s diferent d'una [\u2026]<\/p>","protected":false},"author":4,"featured_media":0,"parent":0,"menu_order":0,"comment_status":"closed","ping_status":"open","template":"","meta":{"_joinchat":[],"footnotes":""},"class_list":["post-2","page","type-page","status-publish","hentry"],"yoast_head":"<!-- This site is optimized with the Yoast SEO plugin v25.7 - https:\/\/yoast.com\/wordpress\/plugins\/seo\/ -->\n<title>P\u00e1gina de ejemplo - Refoodlution<\/title>\n<meta name=\"robots\" content=\"index, follow, max-snippet:-1, max-image-preview:large, max-video-preview:-1\" \/>\n<link rel=\"canonical\" href=\"https:\/\/refoodlution.com\/ca\/pagina-exemple\/\" \/>\n<meta property=\"og:locale\" content=\"ca_ES\" \/>\n<meta property=\"og:type\" content=\"article\" \/>\n<meta property=\"og:title\" content=\"P\u00e1gina de ejemplo - Refoodlution\" \/>\n<meta property=\"og:description\" content=\"Esta es una p\u00e1gina de ejemplo. Es diferente a una [...]\" \/>\n<meta property=\"og:url\" content=\"https:\/\/refoodlution.com\/ca\/pagina-exemple\/\" \/>\n<meta property=\"og:site_name\" content=\"Refoodlution\" \/>\n<meta name=\"twitter:card\" content=\"summary_large_image\" \/>\n<meta name=\"twitter:label1\" content=\"Temps estimat de lectura\" \/>\n\t<meta name=\"twitter:data1\" content=\"1 minut\" \/>\n<script type=\"application\/ld+json\" class=\"yoast-schema-graph\">{\"@context\":\"https:\/\/schema.org\",\"@graph\":[{\"@type\":\"WebPage\",\"@id\":\"https:\/\/refoodlution.com\/pagina-ejemplo\/\",\"url\":\"https:\/\/refoodlution.com\/pagina-ejemplo\/\",\"name\":\"P\u00e1gina de ejemplo - Refoodlution\",\"isPartOf\":{\"@id\":\"https:\/\/refoodlution.com\/en\/#website\"},\"datePublished\":\"2020-02-18T16:07:50+00:00\",\"breadcrumb\":{\"@id\":\"https:\/\/refoodlution.com\/pagina-ejemplo\/#breadcrumb\"},\"inLanguage\":\"ca\",\"potentialAction\":[{\"@type\":\"ReadAction\",\"target\":[\"https:\/\/refoodlution.com\/pagina-ejemplo\/\"]}]},{\"@type\":\"BreadcrumbList\",\"@id\":\"https:\/\/refoodlution.com\/pagina-ejemplo\/#breadcrumb\",\"itemListElement\":[{\"@type\":\"ListItem\",\"position\":1,\"name\":\"Portada\",\"item\":\"https:\/\/refoodlution.com\/en\/\"},{\"@type\":\"ListItem\",\"position\":2,\"name\":\"P\u00e1gina de ejemplo\"}]},{\"@type\":\"WebSite\",\"@id\":\"https:\/\/refoodlution.com\/en\/#website\",\"url\":\"https:\/\/refoodlution.com\/en\/\",\"name\":\"Refoodlution\",\"description\":\"Carta Digital\",\"potentialAction\":[{\"@type\":\"SearchAction\",\"target\":{\"@type\":\"EntryPoint\",\"urlTemplate\":\"https:\/\/refoodlution.com\/en\/?s={search_term_string}\"},\"query-input\":{\"@type\":\"PropertyValueSpecification\",\"valueRequired\":true,\"valueName\":\"search_term_string\"}}],\"inLanguage\":\"ca\"}]}<\/script>\n<!-- \/ Yoast SEO plugin. -->","yoast_head_json":{"title":"P\u00e0gina d&#039;exemple - Refoodlution","robots":{"index":"index","follow":"follow","max-snippet":"max-snippet:-1","max-image-preview":"max-image-preview:large","max-video-preview":"max-video-preview:-1"},"canonical":"https:\/\/refoodlution.com\/ca\/pagina-exemple\/","og_locale":"ca_ES","og_type":"article","og_title":"P\u00e1gina de ejemplo - Refoodlution","og_description":"Esta es una p\u00e1gina de ejemplo. Es diferente a una [...]","og_url":"https:\/\/refoodlution.com\/ca\/pagina-exemple\/","og_site_name":"Refoodlution","twitter_card":"summary_large_image","twitter_misc":{"Temps estimat de lectura":"1 minut"},"schema":{"@context":"https:\/\/schema.org","@graph":[{"@type":"WebPage","@id":"https:\/\/refoodlution.com\/pagina-ejemplo\/","url":"https:\/\/refoodlution.com\/pagina-ejemplo\/","name":"P\u00e0gina d&#039;exemple - Refoodlution","isPartOf":{"@id":"https:\/\/refoodlution.com\/en\/#website"},"datePublished":"2020-02-18T16:07:50+00:00","breadcrumb":{"@id":"https:\/\/refoodlution.com\/pagina-ejemplo\/#breadcrumb"},"inLanguage":"ca","potentialAction":[{"@type":"ReadAction","target":["https:\/\/refoodlution.com\/pagina-ejemplo\/"]}]},{"@type":"BreadcrumbList","@id":"https:\/\/refoodlution.com\/pagina-ejemplo\/#breadcrumb","itemListElement":[{"@type":"ListItem","position":1,"name":"Portada","item":"https:\/\/refoodlution.com\/en\/"},{"@type":"ListItem","position":2,"name":"P\u00e1gina de ejemplo"}]},{"@type":"WebSite","@id":"https:\/\/refoodlution.com\/en\/#website","url":"https:\/\/refoodlution.com\/en\/","name":"Refoodlution","description":"Carta Digital","potentialAction":[{"@type":"SearchAction","target":{"@type":"EntryPoint","urlTemplate":"https:\/\/refoodlution.com\/en\/?s={search_term_string}"},"query-input":{"@type":"PropertyValueSpecification","valueRequired":true,"valueName":"search_term_string"}}],"inLanguage":"ca"}]}},"_links":{"self":[{"href":"https:\/\/refoodlution.com\/ca\/wp-json\/wp\/v2\/pages\/2","targetHints":{"allow":["GET"]}}],"collection":[{"href":"https:\/\/refoodlution.com\/ca\/wp-json\/wp\/v2\/pages"}],"about":[{"href":"https:\/\/refoodlution.com\/ca\/wp-json\/wp\/v2\/types\/page"}],"author":[{"embeddable":true,"href":"https:\/\/refoodlution.com\/ca\/wp-json\/wp\/v2\/users\/4"}],"replies":[{"embeddable":true,"href":"https:\/\/refoodlution.com\/ca\/wp-json\/wp\/v2\/comments?post=2"}],"version-history":[{"count":0,"href":"https:\/\/refoodlution.com\/ca\/wp-json\/wp\/v2\/pages\/2\/revisions"}],"wp:attachment":[{"href":"https:\/\/refoodlution.com\/ca\/wp-json\/wp\/v2\/media?parent=2"}],"curies":[{"name":"wp","href":"https:\/\/api.w.org\/{rel}","templated":true}]}}