{"id":3,"date":"2020-02-18T16:07:50","date_gmt":"2020-02-18T16:07:50","guid":{"rendered":"https:\/\/refoodlution.com\/?page_id=3"},"modified":"2023-03-05T09:13:24","modified_gmt":"2023-03-05T09:13:24","slug":"politica-privadesa","status":"publish","type":"page","link":"https:\/\/refoodlution.com\/ca\/politica-privadesa\/","title":{"rendered":"Pol\u00edtica de privadesa"},"content":{"rendered":"<p><strong>POL\u00cdTICA DE PRIVADESA<\/strong><\/p>\n<ol>\n<li><strong> Responsable del tractament de les vostres dades personals: <\/strong><\/li>\n<li><strong>a) Representant del tractament:<\/strong> REFOODLUTION, SL (d&#039;ara endavant, REFOODLUTION), domiciliada a Any\u00f3s, AD400, a l&#039;Urb. Els Oriosos, 56 (Principat d&#039;Andorra), amb n\u00famero de registre de societats 17510, amb n\u00famero de registre de comer\u00e7 929466J amb n\u00famero de registre tributari L-712622-J.<\/li>\n<li><strong>b) Representant del Responsable del tractament a la Uni\u00f3 Europea: <\/strong>Si vost\u00e8 es troba a la Uni\u00f3 Europea, l&#039;informem que el nostre representant a la Uni\u00f3 Europea \u00e9s la societat Compliance Gap Mitigation, SL, domiciliada al c\/ Ferraz, 28 \u2013 2n Esquerra, 28008 Madrid (Espanya), la qual vost\u00e8 pot contactar mitjan\u00e7ant els n\u00fameros de tel\u00e8fon +34 91 758 94 41 0 correu electr\u00f2nic dpd@compliancegapmitigation.com.<\/li>\n<li><strong> Disposicions relatives al tractament de dades personals de menors i\/o tercers: <\/strong><\/li>\n<\/ol>\n<p><strong>2.1.<\/strong> No es poden facilitar dades personals que no siguin de titularitat de la persona que els facilita. No obstant aix\u00f2, en cas que fos justificable que aix\u00f2 succeeixi, la persona que faciliti les dades personals assumeix la responsabilitat d&#039;informar pr\u00e8viament el titular d&#039;aquestes de tot all\u00f2 previst en aquesta pol\u00edtica de privadesa.<\/p>\n<p><strong>2.2. <\/strong>En els sup\u00f2sits de tractament de dades personals d&#039;un menor d&#039;edat, aquest garanteix a REFOODLUTION que compta amb l&#039;autoritzaci\u00f3 dels titulars de la seva p\u00e0tria potestat o tutela per a REFOODLUTION tracti les dades personals de conformitat amb l&#039;establert en aquesta pol\u00edtica de privadesa. D&#039;igual manera, en els sup\u00f2sits de tractament de dades personals d&#039;una persona que tingui els seus drets limitats, aquesta garanteix a REFOODLUTION que compta amb l&#039;autoritzaci\u00f3 dels titulars de la tutela o curatela perqu\u00e8 REFOODLUTION tracti els referits dades personals de conformitat amb l&#039;establert en aquesta pol\u00edtica de privadesa.<\/p>\n<ol start=\"3\">\n<li><strong> Finalitats del tractament, base jur\u00eddica del tractament i termini de conservaci\u00f3 de les dades personals: <\/strong><\/li>\n<\/ol>\n<p><strong>3.1. Finalitats del tractaments:<\/strong><\/p>\n<p>REFOODLUTION podr\u00e0 tractar les seves dades personals per a les finalitats descrites a continuaci\u00f3:<\/p>\n<ol>\n<li><strong><em>Contacte i servei d&#039;atenci\u00f3 al client: <\/em><\/strong>Mitjan\u00e7ant el formulari i el correu de contacte indicats tant al Web de REFOODLUTION com a aquesta Pol\u00edtica de Privadesa, i al servei d&#039;atenci\u00f3 al client oa les xarxes socials, REFOODLUTION recollir\u00e0 i tractar\u00e0 les vostres dades personals, si s&#039;escau, amb la finalitat de gestionar correctament les vostres sol\u00b7licituds d&#039;informaci\u00f3 o drets, i les vostres consultes o reclamacions;<\/li>\n<\/ol>\n<p>&nbsp;<\/p>\n<p><strong><em>Dades personals sol\u00b7licitades:<\/em><\/strong> <em>nom, cognom, correu electr\u00f2nic i n\u00famero de tel\u00e8fon.<\/em><\/p>\n<p><em>\u00a0<\/em><\/p>\n<ol>\n<li><strong><em>An\u00e0lisi d&#039;\u00fas, funcionament i millora de la Web:<\/em><\/strong> Mitjan\u00e7ant els <em>cookies<\/em> i altres tecnologies de rastreig que REFOODLUTION posa al seu dispositiu, sempre tenint en compte les indicacions del seu consentiment, REFOODLUTION recollir\u00e0 i tractar\u00e0 les seves dades personals per millorar la seva experi\u00e8ncia i els nostres serveis analitzant la seva navegaci\u00f3 i com interactua amb nosaltres a la Web i tamb\u00e9, per poder mostrar publicitat en funci\u00f3 dels seus h\u00e0bits de navegaci\u00f3;\n<\/li>\n<\/ol>\n<p><strong><em>Dades personals sol\u00b7licitades: <\/em><\/strong><em>direcci\u00f3 d&#039;IP, processos iniciats i abandonats, tipus de dispositiu amb qu\u00e8 accedeix a la Web, temps de perman\u00e8ncia a la Web, p\u00e0gina web visitada anteriorment, etc.<\/em><\/p>\n<p><em>\u00a0<\/em><\/p>\n<ol>\n<li><strong><em>Enviament de comunicacions publicit\u00e0ries per vies electr\u00f2niques: <\/em><\/strong>REFOODLUTION recollir\u00e0 i tractar\u00e0 les vostres dades personals per enviar informaci\u00f3 a trav\u00e9s de correu electr\u00f2nic amb finalitats publicit\u00e0ries i promocionals sobre els seus serveis, novetats, promocions, sortejos.<\/li>\n<\/ol>\n<p><strong><em>\u00a0<\/em><\/strong><\/p>\n<p><strong><em>Dades personals sol\u00b7licitades:<\/em><\/strong> <em>nom, cognom, correu electr\u00f2nic i n\u00famero de tel\u00e8fon.<\/em><\/p>\n<p><em>\u00a0<\/em><\/p>\n<ol>\n<li><strong><em>Formalitzar l&#039;adquisici\u00f3 i la provisi\u00f3 dels serveis:<\/em><\/strong> Mitjan\u00e7ant el formulari de compra, REFOODLUTION tractar\u00e0 les vostres dades personals per tramitar correctament: l&#039;adquisici\u00f3 de serveis, la gesti\u00f3 del proc\u00e9s de pagament, aix\u00ed com el sorgiment de qualsevol incid\u00e8ncia relativa a la provisi\u00f3 dels serveis.<\/li>\n<\/ol>\n<p><strong><em>\u00a0<\/em><\/strong><\/p>\n<p><strong><em>Dades personals sol\u00b7licitades:<\/em><\/strong> <em>nom, cognom, n\u00famero de tel\u00e8fon, correu electr\u00f2nic, adre\u00e7a domicili\u00e0ria, tramitaci\u00f3 de reclamacions i\/o devolucions, historial de compra i mitjans de pagament.<\/em><\/p>\n<p><em>\u00a0<\/em><\/p>\n<ol>\n<li><strong><em>Exercici dels drets:<\/em><\/strong> REFOODLUTION tractar\u00e0 els vostres dades de contacte per autenticar, en la mesura del possible, la validesa de les sol\u00b7licituds d&#039;exercici de drets (veure l&#039;apartat 6 d&#039;aquesta pol\u00edtica de privadesa) i per comunicar-li qualsevol violaci\u00f3 de seguretat que pugui comportar un alt risc per als vostres drets i llibertats.<\/li>\n<\/ol>\n<p><strong>\u00a0<\/strong><\/p>\n<p><strong><em>Dades personals sol\u00b7licitades:<\/em><\/strong> <em>nom, cognom, c\u00f2pia del Passaport\/DNI o NIE, n\u00famero de tel\u00e8fon i correu electr\u00f2nic. <\/em><\/p>\n<p><em>\u00a0<\/em><\/p>\n<p><strong>3.2. Base jur\u00eddica dels tractaments:<\/strong><\/p>\n<p>Les seves dades personals podran ser objecte de tractament de conformitat amb una o diverses de les bases jur\u00eddices seg\u00fcents:<\/p>\n<ol>\n<li>El <strong>consentiment inequ\u00edvoc<\/strong> que vost\u00e9 manifesta en contactar amb nosaltres mitjan\u00e7ant els formularis i correus electr\u00f2nics que aquesta Web posa a la seva disposici\u00f3, unit al nostre inter\u00e8s leg\u00edtim per atendre la seva sol\u00b7licitud, consulta, notificaci\u00f3 o reclamaci\u00f3;<\/li>\n<\/ol>\n<p>&nbsp;<\/p>\n<ol>\n<li>El <strong>consentiment expr\u00e9s<\/strong> que vost\u00e8 ens d\u00f3na per permetre&#039;ns descarregar al dispositiu amb el qual vost\u00e8 accedeix a aquesta Web les galetes (galetes i resta de tecnologies de rastreig) que no s\u00f3n necess\u00e0ries per al correcte funcionament del lloc web;<\/li>\n<\/ol>\n<p>&nbsp;<\/p>\n<ol>\n<li>Per <strong>executar el contracte<\/strong> a partir del moment que vost\u00e8 accepta expressament els Termes i les Condicions Generals de Contractaci\u00f3, esdev\u00e9 part del contracte de compra dels serveis que subscriu amb REFOODLUTION. Per tal de donar compliment a les disposicions de les Condicions Generals de Contractaci\u00f3, cal recopilar les dades personals. Davant la negativa de proporcionar les dades necess\u00e0ries, ser\u00e0 impossible fer efectivament la compra del servei demanat; i,<\/li>\n<\/ol>\n<p>&nbsp;<\/p>\n<ol>\n<li>El <strong>compliment d&#039;obligacions legals<\/strong> que hagi de complir REFOODLUTION com a responsable del tractament de les dades personals.<\/li>\n<\/ol>\n<p>&nbsp;<\/p>\n<p><strong>3.3. Termini de conservaci\u00f3 de dades:<\/strong><\/p>\n<p>En general, les seves dades personals es conservaran durant el termini necessari per a la consecuci\u00f3 de les finalitats establertes en aquesta pol\u00edtica de privadesa. Posteriorment, les seves dades personals seran conservades durant tot el temps que triguin a prescriure les responsabilitats legals derivades del tractament de qu\u00e8 es tracti, de conformitat amb la legislaci\u00f3 aplicable. Un cop aquest termini prescrigui, es procedir\u00e0 a l&#039;eliminaci\u00f3 de totes les dades personals dels usuaris i\/o clients.<\/p>\n<ol start=\"4\">\n<li><strong> Categories de destinataris, inclosos els prestadors de serveis, i transfer\u00e8ncies a tercers pa\u00efsos u organitzacions internacionals (transfer\u00e8ncies internacionals):<\/strong><\/li>\n<\/ol>\n<p><strong>4.1. <\/strong>En cas que, per aconseguir les finalitats anteriorment esmentades, sigui necessari, les vostres dades personals podran comunicar-se a les seg\u00fcents categories de destinataris:<\/p>\n<ol>\n<li>Prove\u00efdors de serveis de REFOODLUTION que hagin de processar les dades personals en relaci\u00f3 amb la finalitat de qu\u00e8 es tracti, el que realitzaran segons les instruccions de REFOODLUTION i de conformitat amb aquesta pol\u00edtica de privadesa i qualsevol mesura de seguretat i de confidencialitat apropiada que estableixi aquesta entitat;<\/li>\n<\/ol>\n<p>&nbsp;<\/p>\n<ol>\n<li>Tercers que no tinguin relaci\u00f3 amb REFOODLUTION, si aquesta identifica, de bona fe, la necessitat de dur a terme la comunicaci\u00f3 de qu\u00e8 es tracti per a: (1) complir qualsevol llei, regulaci\u00f3, procediment legal o requeriment governamental amb for\u00e7a executiva aplicable; (2) fer complir els termes i condicions del servei adquirit, inclosa la investigaci\u00f3 de possibles violacions; (3) i\/o detectar, prevenir o abordar altrament el frau, la seguretat o els problemes t\u00e8cnics; i<\/li>\n<\/ol>\n<p>&nbsp;<\/p>\n<ol>\n<li>Administracions p\u00fabliques competents, en els casos previstos a la Llei i per a les finalitats en elles definides.<\/li>\n<\/ol>\n<p><strong>4.2. <\/strong>REFOODLUTION no realitza transfer\u00e8ncies internacionals de dades personals.<\/p>\n<ol start=\"5\">\n<li><strong> Drets en relaci\u00f3 amb les vostres dades personals:<\/strong><\/li>\n<\/ol>\n<p>En compliment de l&#039;establert a la Llei 29\/2021, de 28 d&#039;octubre, qualificada de protecci\u00f3 de dades personals, i en el Reglament (UE) 2016\/679 del Parlament Europeu i del Consell de 27 d&#039;abril de 2016, de les vostres dades personals, reconegudes a la referida normativa, vost\u00e8 haur\u00e0 d&#039;enviar una comunicaci\u00f3 escrita a l&#039;adre\u00e7a de correu electr\u00f2nic dpd_extern@win2win.ad.<\/p>\n<p>Aix\u00ed mateix, vost\u00e8 pot obtenir informaci\u00f3 addicional sobre els seus drets dirigint-se a una autoritat de control en mat\u00e8ria de protecci\u00f3 de dades.<\/p>\n<ol start=\"5\">\n<li><strong> Seguretat:<\/strong><\/li>\n<\/ol>\n<p>REFOODLUTION li garanteix que el tractament que dur\u00e0 a terme de les vostres dades personals est\u00e0 sotm\u00e8s a la m\u00e9s estricta confidencialitat, i que s&#039;han establert les mesures necess\u00e0ries, tant t\u00e8cniques com organitzatives, per garantir la seguretat de les vostres dades personals i evitar la seva alteraci\u00f3, mal \u00fas, p\u00e8rdua, robatori i tractament i\/o acc\u00e9s no autoritzat.<\/p>\n<ol start=\"6\">\n<li><strong> Canvis a la Pol\u00edtica de Privadesa:<\/strong><\/li>\n<\/ol>\n<p>Aquesta pol\u00edtica de privadesa est\u00e0 subjecta a modificacions peri\u00f2diques de conformitat amb la legislaci\u00f3 aplicable a cada moment; per l&#039;anterior, us recomanem que consulteu aquesta pol\u00edtica de privadesa de manera freq\u00fcent.<\/p>\n<p>&nbsp;<\/p>\n<p><strong><em>Darrera actualitzaci\u00f3: 21 de novembre del 2022<\/em><\/strong><\/p>\n<p>&nbsp;<\/p>\n<p>&nbsp;<\/p>\n<p>&nbsp;<\/p>","protected":false},"excerpt":{"rendered":"<p>POL\u00cdTICA DE PRIVACITAT Responsable del tractament de les teves dades [\u2026]<\/p>","protected":false},"author":4,"featured_media":0,"parent":0,"menu_order":0,"comment_status":"closed","ping_status":"open","template":"","meta":{"_joinchat":[],"footnotes":""},"class_list":["post-3","page","type-page","status-publish","hentry"],"yoast_head":"<!-- This site is optimized with the Yoast SEO plugin v25.7 - https:\/\/yoast.com\/wordpress\/plugins\/seo\/ -->\n<title>Pol\u00edtica de privacidad - Refoodlution<\/title>\n<meta name=\"robots\" content=\"index, follow, max-snippet:-1, max-image-preview:large, max-video-preview:-1\" \/>\n<link rel=\"canonical\" href=\"https:\/\/refoodlution.com\/ca\/politica-privadesa\/\" \/>\n<meta property=\"og:locale\" content=\"ca_ES\" \/>\n<meta property=\"og:type\" content=\"article\" \/>\n<meta property=\"og:title\" content=\"Pol\u00edtica de privacidad - Refoodlution\" \/>\n<meta property=\"og:description\" content=\"POL\u00cdTICA DE PRIVADESA Responsable del tractament de les seves dades [...]\" \/>\n<meta property=\"og:url\" content=\"https:\/\/refoodlution.com\/ca\/politica-privadesa\/\" \/>\n<meta property=\"og:site_name\" content=\"Refoodlution\" \/>\n<meta property=\"article:modified_time\" content=\"2023-03-05T09:13:24+00:00\" \/>\n<meta name=\"twitter:card\" content=\"summary_large_image\" \/>\n<meta name=\"twitter:label1\" content=\"Temps estimat de lectura\" \/>\n\t<meta name=\"twitter:data1\" content=\"7 minuts\" \/>\n<script type=\"application\/ld+json\" class=\"yoast-schema-graph\">{\"@context\":\"https:\/\/schema.org\",\"@graph\":[{\"@type\":\"WebPage\",\"@id\":\"https:\/\/refoodlution.com\/politica-privacidad\/\",\"url\":\"https:\/\/refoodlution.com\/politica-privacidad\/\",\"name\":\"Pol\u00edtica de privacidad - Refoodlution\",\"isPartOf\":{\"@id\":\"https:\/\/refoodlution.com\/en\/#website\"},\"datePublished\":\"2020-02-18T16:07:50+00:00\",\"dateModified\":\"2023-03-05T09:13:24+00:00\",\"breadcrumb\":{\"@id\":\"https:\/\/refoodlution.com\/politica-privacidad\/#breadcrumb\"},\"inLanguage\":\"ca\",\"potentialAction\":[{\"@type\":\"ReadAction\",\"target\":[\"https:\/\/refoodlution.com\/politica-privacidad\/\"]}]},{\"@type\":\"BreadcrumbList\",\"@id\":\"https:\/\/refoodlution.com\/politica-privacidad\/#breadcrumb\",\"itemListElement\":[{\"@type\":\"ListItem\",\"position\":1,\"name\":\"Portada\",\"item\":\"https:\/\/refoodlution.com\/en\/\"},{\"@type\":\"ListItem\",\"position\":2,\"name\":\"Pol\u00edtica de privacidad\"}]},{\"@type\":\"WebSite\",\"@id\":\"https:\/\/refoodlution.com\/en\/#website\",\"url\":\"https:\/\/refoodlution.com\/en\/\",\"name\":\"Refoodlution\",\"description\":\"Carta Digital\",\"potentialAction\":[{\"@type\":\"SearchAction\",\"target\":{\"@type\":\"EntryPoint\",\"urlTemplate\":\"https:\/\/refoodlution.com\/en\/?s={search_term_string}\"},\"query-input\":{\"@type\":\"PropertyValueSpecification\",\"valueRequired\":true,\"valueName\":\"search_term_string\"}}],\"inLanguage\":\"ca\"}]}<\/script>\n<!-- \/ Yoast SEO plugin. -->","yoast_head_json":{"title":"Pol\u00edtica de privadesa - Refoodlution","robots":{"index":"index","follow":"follow","max-snippet":"max-snippet:-1","max-image-preview":"max-image-preview:large","max-video-preview":"max-video-preview:-1"},"canonical":"https:\/\/refoodlution.com\/ca\/politica-privadesa\/","og_locale":"ca_ES","og_type":"article","og_title":"Pol\u00edtica de privacidad - Refoodlution","og_description":"POL\u00cdTICA DE PRIVADESA Responsable del tractament de les seves dades [...]","og_url":"https:\/\/refoodlution.com\/ca\/politica-privadesa\/","og_site_name":"Refoodlution","article_modified_time":"2023-03-05T09:13:24+00:00","twitter_card":"summary_large_image","twitter_misc":{"Temps estimat de lectura":"7 minuts"},"schema":{"@context":"https:\/\/schema.org","@graph":[{"@type":"WebPage","@id":"https:\/\/refoodlution.com\/politica-privacidad\/","url":"https:\/\/refoodlution.com\/politica-privacidad\/","name":"Pol\u00edtica de privadesa - Refoodlution","isPartOf":{"@id":"https:\/\/refoodlution.com\/en\/#website"},"datePublished":"2020-02-18T16:07:50+00:00","dateModified":"2023-03-05T09:13:24+00:00","breadcrumb":{"@id":"https:\/\/refoodlution.com\/politica-privacidad\/#breadcrumb"},"inLanguage":"ca","potentialAction":[{"@type":"ReadAction","target":["https:\/\/refoodlution.com\/politica-privacidad\/"]}]},{"@type":"BreadcrumbList","@id":"https:\/\/refoodlution.com\/politica-privacidad\/#breadcrumb","itemListElement":[{"@type":"ListItem","position":1,"name":"Portada","item":"https:\/\/refoodlution.com\/en\/"},{"@type":"ListItem","position":2,"name":"Pol\u00edtica de privacidad"}]},{"@type":"WebSite","@id":"https:\/\/refoodlution.com\/en\/#website","url":"https:\/\/refoodlution.com\/en\/","name":"Refoodlution","description":"Carta Digital","potentialAction":[{"@type":"SearchAction","target":{"@type":"EntryPoint","urlTemplate":"https:\/\/refoodlution.com\/en\/?s={search_term_string}"},"query-input":{"@type":"PropertyValueSpecification","valueRequired":true,"valueName":"search_term_string"}}],"inLanguage":"ca"}]}},"_links":{"self":[{"href":"https:\/\/refoodlution.com\/ca\/wp-json\/wp\/v2\/pages\/3","targetHints":{"allow":["GET"]}}],"collection":[{"href":"https:\/\/refoodlution.com\/ca\/wp-json\/wp\/v2\/pages"}],"about":[{"href":"https:\/\/refoodlution.com\/ca\/wp-json\/wp\/v2\/types\/page"}],"author":[{"embeddable":true,"href":"https:\/\/refoodlution.com\/ca\/wp-json\/wp\/v2\/users\/4"}],"replies":[{"embeddable":true,"href":"https:\/\/refoodlution.com\/ca\/wp-json\/wp\/v2\/comments?post=3"}],"version-history":[{"count":0,"href":"https:\/\/refoodlution.com\/ca\/wp-json\/wp\/v2\/pages\/3\/revisions"}],"wp:attachment":[{"href":"https:\/\/refoodlution.com\/ca\/wp-json\/wp\/v2\/media?parent=3"}],"curies":[{"name":"wp","href":"https:\/\/api.w.org\/{rel}","templated":true}]}}