{"id":1809,"date":"2023-03-05T10:48:46","date_gmt":"2023-03-05T10:48:46","guid":{"rendered":"https:\/\/refoodlution.com\/?page_id=1809"},"modified":"2023-03-05T13:50:48","modified_gmt":"2023-03-05T13:50:48","slug":"politica-de-cookies","status":"publish","type":"page","link":"https:\/\/refoodlution.com\/es_latam\/politica-de-cookies\/","title":{"rendered":"Pol\u00edtica de cookies"},"content":{"rendered":"<p><strong>POL\u00cdTICA DE COOKIES<\/strong><\/p>\n<ol>\n<li><strong> Disposicions Generals<\/strong><\/li>\n<\/ol>\n<p>Aquest lloc web utilitza \u201c<em>cookies<\/em>\u201d, \u00e9s a dir, petits fitxers de dades generats als ordinadors i a altres dispositius m\u00f2bils o electr\u00f2nics des dels quals vost\u00e8 accedeix a aquest lloc web i que permeten, entre d\u2019altres, obtenir informaci\u00f3 sobre la data i hora de la seva entrada i els continguts seleccionats per vost\u00e8, el qual permetr\u00e0 a REFOODLUTION, S.L.(d\u2019ara endavant, \u201cREFOODLUTION\u201d) millorar la qualitat i seguretat dels dits continguts.<\/p>\n<p>Aix\u00ed mateix, l\u2019informem que nom\u00e9s emmagatzemarem \u201c<em>cookies<\/em>\u201d al vostre dispositiu si s\u00f3n estrictament necess\u00e0ries pel funcionament d&#8217;aquest lloc web. Per a tots els altres tipus de \u201c<em>cookies<\/em>\u201d, sol\u00b7licitarem el seu perm\u00eds i per tant no emmagatzemarem cap de les referides \u201c<em>cookies<\/em>\u201d -a excepci\u00f3 de les abans referides \u201c<em>cookies<\/em>\u201d estrictament necess\u00e0ries pel funcionament d&#8217;aquest lloc web- que vost\u00e8 no hagi acceptat pr\u00e8viament.<\/p>\n<p>Vost\u00e8 podr\u00e0 modificar o retirar el seu consentiment de conformitat amb l\u2019establert en aquesta pol\u00edtica.<\/p>\n<p>En aquells casos en que les \u201c<em>cookies<\/em>\u201d d\u2019aquest lloc web puguin \u00e9sser considerades com a dades personals, REFOODLUTION tractar\u00e0 aquestes de conformitat amb la seva pol\u00edtica de privadesa.<\/p>\n<p>Per obtenir m\u00e9s informaci\u00f3 en relaci\u00f3 amb REFOODLUTION i les seves dades de contacte, aix\u00ed com respecte a com aquesta societat tracta les seves dades de car\u00e0cter personal, vost\u00e8 pot accedir a la pol\u00edtica de privadesa d\u2019 REFOODLUTION mitjan\u00e7ant el seg\u00fcent <a href=\"https:\/\/refoodlution.com\/es_latam\/politica-privacidad\/\">enlla\u00e7<\/a>.<\/p>\n<ol start=\"2\">\n<li><strong> Tipologies de \u201c<em>cookies<\/em>\u201d<\/strong><\/li>\n<\/ol>\n<p>Les <em>cookies<\/em> es poden catalogar segons la seva finalitat, la seva duraci\u00f3 o segons qui les gestiona. S\u2019ha de tenir en compte que una mateixa <em>cookie<\/em> pot formar part de diverses categories. REFOODLUTION, s\u2019utilitza <em>cookies<\/em> pr\u00f2pies i de tercers que permeten gestionar i millorar els serveis oferts.<\/p>\n<p>Seguidament, trobareu un cat\u00e0leg de <em>cookies <\/em>utilitzades en aquesta p\u00e0gina web i la seva corresponent descripci\u00f3.<\/p>\n<p><strong><em>2.1. Cookies T\u00e8cniques<\/em><\/strong><\/p>\n<p>Aquest tipus de <em>cookies<\/em> t\u00e8cniques s\u00f3n necess\u00e0ries ja que permeten que aquest lloc web es pugui utilitzar activant funcions b\u00e0siques, com ara, a t\u00edtol enunciatiu i no limitatiu, la navegaci\u00f3 de p\u00e0gines. El lloc web no pot funcionar correctament sense aquestes <em>cookies<\/em>.<\/p>\n<p>&nbsp;<\/p>\n<p>&nbsp;<\/p>\n<table width=\"567\">\n<tbody>\n<tr>\n<td width=\"102\"><strong><em>Cookie<\/em><\/strong><\/td>\n<td width=\"144\"><strong>Prove\u00efdor<\/strong><\/td>\n<td width=\"236\"><strong>Finalitat<\/strong><\/td>\n<td width=\"85\"><strong>Expiraci\u00f3<\/strong><\/td>\n<\/tr>\n<tr>\n<td width=\"102\">PHPSESSID<\/td>\n<td width=\"144\">refoodlution.com<\/td>\n<td width=\"236\">para proporcionar funciones a trav\u00e9s de la p\u00e1gina<\/p>\n<p>&nbsp;<\/td>\n<td width=\"85\">sesi\u00f3n<\/td>\n<\/tr>\n<\/tbody>\n<\/table>\n<p><strong>\u00a0<\/strong><\/p>\n<p><strong><em>2.2. Cookies i altres tecnologies de recollida amb finalitat d\u2019estad\u00edstica<\/em><\/strong><\/p>\n<p>Aquestes tecnologies permeten a REFOODLUTION, i\/o a la resta de prove\u00efdors esmentats a continuaci\u00f3 quan actuen com a responsables, entendre com vost\u00e8 interactua amb la p\u00e0gina web, i aix\u00ed realitzar l\u2019an\u00e0lisi estad\u00edstic del seu \u00fas amb la finalitat d\u2019introduir millores en els productes i serveis oferts pel responsable.<\/p>\n<table width=\"567\">\n<tbody>\n<tr>\n<td width=\"142\"><strong><em>Cookie<\/em><\/strong><\/td>\n<td width=\"113\"><strong>Prove\u00efdor<\/strong><\/td>\n<td width=\"227\"><strong>Finalitat<\/strong><\/td>\n<td width=\"85\"><strong>Expiraci\u00f3<\/strong><\/td>\n<\/tr>\n<tr>\n<td width=\"142\">_gid<\/td>\n<td width=\"113\">Google.com<\/td>\n<td width=\"227\">\u00a0 Para almacenar y contar p\u00e1ginas vistas<\/p>\n<p>&nbsp;<\/td>\n<td width=\"85\">1 d\u00eda<\/td>\n<\/tr>\n<tr>\n<td width=\"142\">_gat<\/td>\n<td width=\"113\">Google.com<\/td>\n<td width=\"227\">Para almacenar y contar p\u00e1ginas vistas<\/td>\n<td width=\"85\">2 a\u00f1os<\/td>\n<\/tr>\n<tr>\n<td width=\"142\">_gat_UA-165120690-1<\/td>\n<td width=\"113\">Google.com<\/td>\n<td width=\"227\">Para proporcionar seguimiento t\u00e9cnico<\/p>\n<p>&nbsp;<\/td>\n<td width=\"85\">sesi\u00f3n<\/td>\n<\/tr>\n<\/tbody>\n<\/table>\n<p><strong>\u00a0<\/strong><\/p>\n<p><strong><em>2.<\/em><\/strong><strong><em>3<\/em><\/strong><strong><em>. Cookies de personalitzaci\u00f3 <\/em><\/strong><\/p>\n<p>Les <em>cookies<\/em> de personalitzaci\u00f3 permeten a aquest lloc web recordar certa informaci\u00f3 la qual permet modificar el funcionament del mateix, com ara, a t\u00edtol enunciatiu i no limitatiu, el seu idioma de prefer\u00e8ncia.<\/p>\n<table width=\"567\">\n<tbody>\n<tr>\n<td width=\"189\"><strong><em>Cookie<\/em><\/strong><\/td>\n<td width=\"151\"><strong>Prove\u00efdor<\/strong><\/td>\n<td width=\"142\"><strong>Finalitat<\/strong><\/td>\n<td width=\"85\"><strong>Expiraci\u00f3<\/strong><\/td>\n<\/tr>\n<tr>\n<td width=\"189\">eu_cookies_bar<\/td>\n<td width=\"151\">refoodlution.com<\/td>\n<td width=\"142\">Acceso a configurar las cookies<\/td>\n<td width=\"85\">7 meses<\/td>\n<\/tr>\n<tr>\n<td width=\"189\">eu_cookies_bar_block<\/td>\n<td width=\"151\">refoodlution.com<\/td>\n<td width=\"142\">Bloquear las cookies<\/td>\n<td width=\"85\">7 meses<\/td>\n<\/tr>\n<tr>\n<td width=\"189\">trp_language<\/p>\n<p>&nbsp;<\/td>\n<td width=\"151\">refoodlution.com<\/td>\n<td width=\"142\">Mantener el idioma escogido<\/td>\n<td width=\"85\">1 mes<\/td>\n<\/tr>\n<\/tbody>\n<\/table>\n<p><strong>\u00a0<\/strong><\/p>\n<ol start=\"3\">\n<li><strong> Bloquejar, deshabilitar i\/o eliminar\u00a0<em>cookies<\/em><\/strong><\/li>\n<\/ol>\n<p>REFOODLUTION l\u2019informa que les \u201c<em>cookies<\/em>\u201d establertes en l\u2019apartat anterior -a excepci\u00f3 de les\u00a0<em>Cookies<\/em>\u00a0Necess\u00e0ries- es podran bloquejar, deshabilitar i\/o eliminar en qualsevol moment segons les indicacions de cada navegador web, que trobar\u00e0 a continuaci\u00f3:<\/p>\n<p>Per a m\u00e9s informaci\u00f3 en relaci\u00f3 amb el bloqueig, la deshabilitaci\u00f3 i\/o l\u2019eliminaci\u00f3 de les\u00a0<em>cookies<\/em>, vost\u00e8 pot visitar la seg\u00fcent p\u00e0gina web:<\/p>\n<p>&nbsp;<\/p>\n<p><strong><em>Darrera actualitzaci\u00f3: <\/em><\/strong> <strong><em>3<\/em><\/strong><\/p>","protected":false},"excerpt":{"rendered":"<p>POL\u00cdTICA DE COOKIES Disposicions Generals Aquest lloc web utilitza \u201ccookies\u201d,  [&#8230;]<\/p>","protected":false},"author":4,"featured_media":0,"parent":0,"menu_order":0,"comment_status":"closed","ping_status":"closed","template":"","meta":{"_joinchat":[],"footnotes":""},"class_list":["post-1809","page","type-page","status-publish","hentry"],"yoast_head":"<!-- This site is optimized with the Yoast SEO plugin v25.7 - https:\/\/yoast.com\/wordpress\/plugins\/seo\/ -->\n<title>Pol\u00edtica de cookies - Refoodlution<\/title>\n<meta name=\"robots\" content=\"index, follow, max-snippet:-1, max-image-preview:large, max-video-preview:-1\" \/>\n<link rel=\"canonical\" href=\"https:\/\/refoodlution.com\/es_latam\/politica-de-cookies\/\" \/>\n<meta property=\"og:locale\" content=\"es_ES\" \/>\n<meta property=\"og:type\" content=\"article\" \/>\n<meta property=\"og:title\" content=\"Pol\u00edtica de cookies - Refoodlution\" \/>\n<meta property=\"og:description\" content=\"POL\u00cdTICA DE COOKIES Disposicions Generals Aquest lloc web utilitza \u201ccookies\u201d, [...]\" \/>\n<meta property=\"og:url\" content=\"https:\/\/refoodlution.com\/es_latam\/politica-de-cookies\/\" \/>\n<meta property=\"og:site_name\" content=\"Refoodlution\" \/>\n<meta property=\"article:modified_time\" content=\"2023-03-05T13:50:48+00:00\" \/>\n<meta name=\"twitter:card\" content=\"summary_large_image\" \/>\n<meta name=\"twitter:label1\" content=\"Est. reading time\" \/>\n\t<meta name=\"twitter:data1\" content=\"3 minutos\" \/>\n<script type=\"application\/ld+json\" class=\"yoast-schema-graph\">{\"@context\":\"https:\/\/schema.org\",\"@graph\":[{\"@type\":\"WebPage\",\"@id\":\"https:\/\/refoodlution.com\/politica-de-cookies\/\",\"url\":\"https:\/\/refoodlution.com\/politica-de-cookies\/\",\"name\":\"Pol\u00edtica de cookies - Refoodlution\",\"isPartOf\":{\"@id\":\"https:\/\/refoodlution.com\/en\/#website\"},\"datePublished\":\"2023-03-05T10:48:46+00:00\",\"dateModified\":\"2023-03-05T13:50:48+00:00\",\"breadcrumb\":{\"@id\":\"https:\/\/refoodlution.com\/politica-de-cookies\/#breadcrumb\"},\"inLanguage\":\"es-PE\",\"potentialAction\":[{\"@type\":\"ReadAction\",\"target\":[\"https:\/\/refoodlution.com\/politica-de-cookies\/\"]}]},{\"@type\":\"BreadcrumbList\",\"@id\":\"https:\/\/refoodlution.com\/politica-de-cookies\/#breadcrumb\",\"itemListElement\":[{\"@type\":\"ListItem\",\"position\":1,\"name\":\"Portada\",\"item\":\"https:\/\/refoodlution.com\/en\/\"},{\"@type\":\"ListItem\",\"position\":2,\"name\":\"Pol\u00edtica de cookies\"}]},{\"@type\":\"WebSite\",\"@id\":\"https:\/\/refoodlution.com\/en\/#website\",\"url\":\"https:\/\/refoodlution.com\/en\/\",\"name\":\"Refoodlution\",\"description\":\"Carta Digital\",\"potentialAction\":[{\"@type\":\"SearchAction\",\"target\":{\"@type\":\"EntryPoint\",\"urlTemplate\":\"https:\/\/refoodlution.com\/en\/?s={search_term_string}\"},\"query-input\":{\"@type\":\"PropertyValueSpecification\",\"valueRequired\":true,\"valueName\":\"search_term_string\"}}],\"inLanguage\":\"es-PE\"}]}<\/script>\n<!-- \/ Yoast SEO plugin. -->","yoast_head_json":{"title":"Pol\u00edtica de cookies - Refoodlution","robots":{"index":"index","follow":"follow","max-snippet":"max-snippet:-1","max-image-preview":"max-image-preview:large","max-video-preview":"max-video-preview:-1"},"canonical":"https:\/\/refoodlution.com\/es_latam\/politica-de-cookies\/","og_locale":"es_ES","og_type":"article","og_title":"Pol\u00edtica de cookies - Refoodlution","og_description":"POL\u00cdTICA DE COOKIES Disposicions Generals Aquest lloc web utilitza \u201ccookies\u201d, [...]","og_url":"https:\/\/refoodlution.com\/es_latam\/politica-de-cookies\/","og_site_name":"Refoodlution","article_modified_time":"2023-03-05T13:50:48+00:00","twitter_card":"summary_large_image","twitter_misc":{"Est. reading time":"3 minutos"},"schema":{"@context":"https:\/\/schema.org","@graph":[{"@type":"WebPage","@id":"https:\/\/refoodlution.com\/politica-de-cookies\/","url":"https:\/\/refoodlution.com\/politica-de-cookies\/","name":"Pol\u00edtica de cookies - Refoodlution","isPartOf":{"@id":"https:\/\/refoodlution.com\/en\/#website"},"datePublished":"2023-03-05T10:48:46+00:00","dateModified":"2023-03-05T13:50:48+00:00","breadcrumb":{"@id":"https:\/\/refoodlution.com\/politica-de-cookies\/#breadcrumb"},"inLanguage":"es-PE","potentialAction":[{"@type":"ReadAction","target":["https:\/\/refoodlution.com\/politica-de-cookies\/"]}]},{"@type":"BreadcrumbList","@id":"https:\/\/refoodlution.com\/politica-de-cookies\/#breadcrumb","itemListElement":[{"@type":"ListItem","position":1,"name":"Portada","item":"https:\/\/refoodlution.com\/en\/"},{"@type":"ListItem","position":2,"name":"Pol\u00edtica de cookies"}]},{"@type":"WebSite","@id":"https:\/\/refoodlution.com\/en\/#website","url":"https:\/\/refoodlution.com\/en\/","name":"Refoodlution","description":"Carta Digital","potentialAction":[{"@type":"SearchAction","target":{"@type":"EntryPoint","urlTemplate":"https:\/\/refoodlution.com\/en\/?s={search_term_string}"},"query-input":{"@type":"PropertyValueSpecification","valueRequired":true,"valueName":"search_term_string"}}],"inLanguage":"es-PE"}]}},"_links":{"self":[{"href":"https:\/\/refoodlution.com\/es_latam\/wp-json\/wp\/v2\/pages\/1809","targetHints":{"allow":["GET"]}}],"collection":[{"href":"https:\/\/refoodlution.com\/es_latam\/wp-json\/wp\/v2\/pages"}],"about":[{"href":"https:\/\/refoodlution.com\/es_latam\/wp-json\/wp\/v2\/types\/page"}],"author":[{"embeddable":true,"href":"https:\/\/refoodlution.com\/es_latam\/wp-json\/wp\/v2\/users\/4"}],"replies":[{"embeddable":true,"href":"https:\/\/refoodlution.com\/es_latam\/wp-json\/wp\/v2\/comments?post=1809"}],"version-history":[{"count":0,"href":"https:\/\/refoodlution.com\/es_latam\/wp-json\/wp\/v2\/pages\/1809\/revisions"}],"wp:attachment":[{"href":"https:\/\/refoodlution.com\/es_latam\/wp-json\/wp\/v2\/media?parent=1809"}],"curies":[{"name":"wp","href":"https:\/\/api.w.org\/{rel}","templated":true}]}}